{"id":52,"date":"2015-06-02T14:21:47","date_gmt":"2015-06-02T12:21:47","guid":{"rendered":"http:\/\/www.frkryberg.dk\/?page_id=52"},"modified":"2017-11-06T20:41:23","modified_gmt":"2017-11-06T19:41:23","slug":"dukke-lise-skal-puttes","status":"publish","type":"page","link":"https:\/\/www.frkryberg.dk\/index.php\/dukke-lise-skal-puttes\/","title":{"rendered":"Dukke Lise skal puttes"},"content":{"rendered":"<p>Der skal v\u00e6re en fl\u00e6se! S\u00e5dan t\u00e6nkte jeg, da jeg skulle have dukkesenget\u00f8j til mine piger. Det var ikke til at k\u00f8be, s\u00e5 jeg m\u00e5tte i gang selv.<\/p>\n<p>Dukker er pigernes k\u00e6reste eje, s\u00e5 de skal have det bedste af det bedste. Foruden fl\u00e6ser, blonder og b\u00e5nd er dyner og puder syet af dundyner, der naturligvis kan vaskes ved 40 C.<\/p>\n<p>Dukkesenget\u00f8jet kan bestilles via mail og betales p\u00e5 Mobilepay eller ved bankoverf\u00f8rsel &#8211; se priser herunder.<\/p>\n<p><strong>Dukkesenget\u00f8j i Liberty print. Kr. 225,-<\/strong><\/p>\nngg_shortcode_0_placeholder\n<p>&nbsp;<\/p>\n<p><strong>Dukkesenget\u00f8j i alm. print. Kr. 175,-<\/strong><\/p>\nngg_shortcode_1_placeholder\n","protected":false},"excerpt":{"rendered":"<p>Der skal v\u00e6re en fl\u00e6se! S\u00e5dan t\u00e6nkte jeg, da jeg skulle have dukkesenget\u00f8j til mine piger. Det var ikke til at k\u00f8be, s\u00e5 jeg m\u00e5tte i gang selv. Dukker er pigernes k\u00e6reste eje, s\u00e5 de skal have det bedste af det bedste. Foruden fl\u00e6ser, blonder og b\u00e5nd er dyner og&#8230;<\/p>\n","protected":false},"author":1,"featured_media":0,"parent":0,"menu_order":3,"comment_status":"closed","ping_status":"closed","template":"","meta":{"ngg_post_thumbnail":0,"footnotes":""},"class_list":["post-52","page","type-page","status-publish","hentry"],"_links":{"self":[{"href":"https:\/\/www.frkryberg.dk\/index.php\/wp-json\/wp\/v2\/pages\/52","targetHints":{"allow":["GET"]}}],"collection":[{"href":"https:\/\/www.frkryberg.dk\/index.php\/wp-json\/wp\/v2\/pages"}],"about":[{"href":"https:\/\/www.frkryberg.dk\/index.php\/wp-json\/wp\/v2\/types\/page"}],"author":[{"embeddable":true,"href":"https:\/\/www.frkryberg.dk\/index.php\/wp-json\/wp\/v2\/users\/1"}],"replies":[{"embeddable":true,"href":"https:\/\/www.frkryberg.dk\/index.php\/wp-json\/wp\/v2\/comments?post=52"}],"version-history":[{"count":9,"href":"https:\/\/www.frkryberg.dk\/index.php\/wp-json\/wp\/v2\/pages\/52\/revisions"}],"predecessor-version":[{"id":278,"href":"https:\/\/www.frkryberg.dk\/index.php\/wp-json\/wp\/v2\/pages\/52\/revisions\/278"}],"wp:attachment":[{"href":"https:\/\/www.frkryberg.dk\/index.php\/wp-json\/wp\/v2\/media?parent=52"}],"curies":[{"name":"wp","href":"https:\/\/api.w.org\/{rel}","templated":true}]}}