{"id":50,"date":"2015-06-02T14:20:52","date_gmt":"2015-06-02T12:20:52","guid":{"rendered":"http:\/\/www.frkryberg.dk\/?page_id=50"},"modified":"2017-11-22T11:08:27","modified_gmt":"2017-11-22T10:08:27","slug":"fascineret-af-plastikposer-2","status":"publish","type":"page","link":"https:\/\/www.frkryberg.dk\/index.php\/fascineret-af-plastikposer-2\/","title":{"rendered":"Fascineret af plastikposer"},"content":{"rendered":"<p>Allerede som barn samlede jeg p\u00e5 plastikposer, som andre samlede servietter og glansbilleder. Og selvom samlingen blev gemt har jeg aldrig kunnet lade v\u00e6re at gemme lidt p\u00e5 en flot pose.<br \/>\nMange \u00e5r senere m\u00f8dte jeg s\u00e5 en regnjakke i plastikposer og det var k\u00e6rlighed ved f\u00f8rste blik at kunne f\u00e5 lov at sy i plastikposer. F\u00f8rst med en kopi af regnjakken og herefter opstod id\u00e9en med tasker, hvor shopperen blev min favorit og stadig f\u00f8lger mig dagligt.<\/p>\n<p>Jeg har altid min taske med ud at shoppe, s\u00e5 jeg kan spare milj\u00f8et for alle de poser, MEN nogle gange m\u00e5 jeg jo bare have en pose\u2026<\/p>\n<p>Plastikposetaskerne er ikke til at undv\u00e6re. De er perfekte til shopping, til indk\u00f8b, p\u00e5 jobbet, p\u00e5 stranden og i sv\u00f8mmehallen. Taskerne er foret med voksdug, s\u00e5 de nemt kan t\u00f8rres af og kan t\u00e5le at have et fugtig h\u00e5ndkl\u00e6de liggende p\u00e5 hjemturen samt en byge p\u00e5 cykelturen. De kan sagtens klare et par liter m\u00e6lk og andre indk\u00f8b.<\/p>\n<p>Taskernes m\u00e5l (l x h x b) er: 40cm x 32cm x 12cm.<\/p>\n<p>En taske koster kr. 475,- og kan bestilles via mail og betales p\u00e5 Mobilepay eller ved bankoverf\u00f8rsel.<\/p>\nngg_shortcode_0_placeholder\n","protected":false},"excerpt":{"rendered":"<p>Allerede som barn samlede jeg p\u00e5 plastikposer, som andre samlede servietter og glansbilleder. Og selvom samlingen blev gemt har jeg aldrig kunnet lade v\u00e6re at gemme lidt p\u00e5 en flot pose. Mange \u00e5r senere m\u00f8dte jeg s\u00e5 en regnjakke i plastikposer og det var k\u00e6rlighed ved f\u00f8rste blik at kunne&#8230;<\/p>\n","protected":false},"author":1,"featured_media":0,"parent":0,"menu_order":2,"comment_status":"closed","ping_status":"closed","template":"","meta":{"ngg_post_thumbnail":0,"footnotes":""},"class_list":["post-50","page","type-page","status-publish","hentry"],"_links":{"self":[{"href":"https:\/\/www.frkryberg.dk\/index.php\/wp-json\/wp\/v2\/pages\/50","targetHints":{"allow":["GET"]}}],"collection":[{"href":"https:\/\/www.frkryberg.dk\/index.php\/wp-json\/wp\/v2\/pages"}],"about":[{"href":"https:\/\/www.frkryberg.dk\/index.php\/wp-json\/wp\/v2\/types\/page"}],"author":[{"embeddable":true,"href":"https:\/\/www.frkryberg.dk\/index.php\/wp-json\/wp\/v2\/users\/1"}],"replies":[{"embeddable":true,"href":"https:\/\/www.frkryberg.dk\/index.php\/wp-json\/wp\/v2\/comments?post=50"}],"version-history":[{"count":19,"href":"https:\/\/www.frkryberg.dk\/index.php\/wp-json\/wp\/v2\/pages\/50\/revisions"}],"predecessor-version":[{"id":289,"href":"https:\/\/www.frkryberg.dk\/index.php\/wp-json\/wp\/v2\/pages\/50\/revisions\/289"}],"wp:attachment":[{"href":"https:\/\/www.frkryberg.dk\/index.php\/wp-json\/wp\/v2\/media?parent=50"}],"curies":[{"name":"wp","href":"https:\/\/api.w.org\/{rel}","templated":true}]}}