{"id":48,"date":"2015-06-02T14:19:50","date_gmt":"2015-06-02T12:19:50","guid":{"rendered":"http:\/\/www.frkryberg.dk\/?page_id=48"},"modified":"2017-11-06T20:53:34","modified_gmt":"2017-11-06T19:53:34","slug":"forside-2","status":"publish","type":"page","link":"https:\/\/www.frkryberg.dk\/","title":{"rendered":"Forside"},"content":{"rendered":"<p style=\"text-align: center;\">Hos Fr\u00f8ken Ryberg finder du kreative og sp\u00f8jse kreationer lavet efter godt h\u00e5ndv\u00e6rk og for<br \/>\nat g\u00f8re mig og forh\u00e5bentligt dig glad i l\u00e5get.<\/p>\n<p style=\"text-align: center;\"><strong>M\u00f8d Fr\u00f8ken Ryberg til Byens Kunst- og julemarked i Aarhus.<\/strong><\/p>\n<p style=\"text-align: center;\"><strong>L\u00f8rdag den 25. november 2017 &#8211; mandag den 27. november 2017<\/strong><\/p>\n<p style=\"text-align: center;\">Se mere p\u00e5 <a href=\"http:\/\/www.markednu.dk\" target=\"_blank\" rel=\"noopener\">www.markednu.dk<\/a><\/p>\n<p style=\"text-align: center;\"><a href=\"http:\/\/www.frkryberg.dk\/wp-content\/uploads\/2015\/06\/20170809_051353778_iOS.jpg\" target=\"_blank\" rel=\"noopener\"><img loading=\"lazy\" decoding=\"async\" class=\"aligncenter wp-image-284\" src=\"http:\/\/www.frkryberg.dk\/wp-content\/uploads\/2015\/06\/20170809_051353778_iOS-300x225.jpg\" alt=\"\" width=\"500\" height=\"375\" srcset=\"https:\/\/www.frkryberg.dk\/wp-content\/uploads\/2015\/06\/20170809_051353778_iOS-300x225.jpg 300w, https:\/\/www.frkryberg.dk\/wp-content\/uploads\/2015\/06\/20170809_051353778_iOS-768x576.jpg 768w, https:\/\/www.frkryberg.dk\/wp-content\/uploads\/2015\/06\/20170809_051353778_iOS-1024x768.jpg 1024w\" sizes=\"auto, (max-width: 500px) 100vw, 500px\" \/><\/a><\/p>\n","protected":false},"excerpt":{"rendered":"<p>Hos Fr\u00f8ken Ryberg finder du kreative og sp\u00f8jse kreationer lavet efter godt h\u00e5ndv\u00e6rk og for at g\u00f8re mig og forh\u00e5bentligt dig glad i l\u00e5get. M\u00f8d Fr\u00f8ken Ryberg til Byens Kunst- og julemarked i Aarhus. L\u00f8rdag den 25. november 2017 &#8211; mandag den 27. november 2017 Se mere p\u00e5 www.markednu.dk<\/p>\n","protected":false},"author":1,"featured_media":0,"parent":0,"menu_order":1,"comment_status":"closed","ping_status":"closed","template":"","meta":{"ngg_post_thumbnail":0,"footnotes":""},"class_list":["post-48","page","type-page","status-publish","hentry"],"_links":{"self":[{"href":"https:\/\/www.frkryberg.dk\/index.php\/wp-json\/wp\/v2\/pages\/48","targetHints":{"allow":["GET"]}}],"collection":[{"href":"https:\/\/www.frkryberg.dk\/index.php\/wp-json\/wp\/v2\/pages"}],"about":[{"href":"https:\/\/www.frkryberg.dk\/index.php\/wp-json\/wp\/v2\/types\/page"}],"author":[{"embeddable":true,"href":"https:\/\/www.frkryberg.dk\/index.php\/wp-json\/wp\/v2\/users\/1"}],"replies":[{"embeddable":true,"href":"https:\/\/www.frkryberg.dk\/index.php\/wp-json\/wp\/v2\/comments?post=48"}],"version-history":[{"count":21,"href":"https:\/\/www.frkryberg.dk\/index.php\/wp-json\/wp\/v2\/pages\/48\/revisions"}],"predecessor-version":[{"id":295,"href":"https:\/\/www.frkryberg.dk\/index.php\/wp-json\/wp\/v2\/pages\/48\/revisions\/295"}],"wp:attachment":[{"href":"https:\/\/www.frkryberg.dk\/index.php\/wp-json\/wp\/v2\/media?parent=48"}],"curies":[{"name":"wp","href":"https:\/\/api.w.org\/{rel}","templated":true}]}}